{"id":36555,"date":"2020-08-21T10:34:53","date_gmt":"2020-08-21T08:34:53","guid":{"rendered":"https:\/\/www.meta.mt\/politica-sulla-riservatezza\/"},"modified":"2020-08-21T10:34:59","modified_gmt":"2020-08-21T08:34:59","slug":"politica-sulla-riservatezza","status":"publish","type":"page","link":"https:\/\/www.meta.mt\/it\/politica-sulla-riservatezza\/","title":{"rendered":"politica sulla riservatezza"},"content":{"rendered":"\n<h2 class=\"wp-block-heading\">Chi siamo<\/h2>\n\n<p>L&#8217;indirizzo del nostro sito web \u00e8: https:\/\/www.meta.mt.<\/p>\n\n<h2 class=\"wp-block-heading\">Quali dati personali raccogliamo e perch\u00e9 li raccogliamo<\/h2>\n\n<h3 class=\"wp-block-heading\">Commenti<\/h3>\n\n<p>quando\n i visitatori lasciano commenti sul sito raccogliamo i dati riportati nel \nmodulo commenti e anche indirizzo IP del visitatore e user agent del browser \nstringa per aiutare il rilevamento dello spam.<\/p>\n\n<p>Una stringa anonimizzata creata da \nil tuo indirizzo email (chiamato anche hash) potrebbe essere fornito al Gravatar \nservizio per vedere se lo stai usando. La Privacy Policy del servizio Gravatar \n\u00e8 disponibile qui: https:\/\/automattic.com\/privacy\/. Dopo l&#8217;approvazione del \ntuo commento, la tua immagine del profilo \u00e8 visibile al pubblico nel \ncontesto del tuo commento.<\/p>\n\n<h3 class=\"wp-block-heading\">Media<\/h3>\n\n<p>Se\n carichi immagini sul sito web, dovresti evitare di caricare immagini \ncon dati di posizione incorporati (EXIF GPS) inclusi. I visitatori del sito web\n possono scaricare ed estrarre qualsiasi dato sulla posizione dalle immagini sul sito web.<\/p>\n\n<h3 class=\"wp-block-heading\">Moduli di contatto<\/h3>\n\n<h3 class=\"wp-block-heading\">Cookies<\/h3>\n\n<p>Se\n se lasci un commento sul nostro sito, puoi scegliere di salvare il tuo nome, \nindirizzo email e sito web nei cookie. Questo procedimento risulta essere cos\u00ec per tua comodit\u00e0 \nin quanto non non devi inserire nuovamente i tuoi dati quando lasci \nun altro commento. Questi cookies dureranno un anno.<\/p>\n\n<p>Se tu \nvisiti la nostra pagina di accesso, imposteremo un cookie temporaneo per determinare se \nil tuo browser accetta i cookie. Questo cookie non contiene dati personali e \nviene eliminato quando chiudi il browser.<\/p>\n\n<p>Quando accedi,\n imposteremo anche diversi cookie per salvare le tue informazioni di accesso e le tue \nscelte di visualizzazione dello schermo. I cookie di accesso durano due giorni e le opzioni riguardanti lo schermo \ndurano un anno. Se selezioni &#8220;Ricordami&#8221;, il tuo login\n persister\u00e0 per due settimane. Se esci dal tuo account, \ni cookie della registrazione (login) verranno rimossi.<\/p>\n\n<p>Se modifichi o pubblichi un articolo, \nun cookie aggiuntivo verr\u00e0 salvato nel tuo browser. Questo cookie non include\n dati personali e indica semplicemente l&#8217;ID del post dell&#8217;articolo che hai appena \nmodificato. Scade dopo 1 giorno.<\/p>\n\n<h3 class=\"wp-block-heading\">Contenuto incorporato da altri siti web<\/h3>\n\n<p>Articoli\n su questo sito possono includere contenuti incorporati (ad esempio video, immagini, \narticoli, ecc.). I contenuti incorporati da altri siti Web si comportano in \nesattamente come se il visitatore avesse visitato l&#8217;altro sito web.<\/p>\n\n<p>Questi\n siti web possono raccogliere dati su di te, utilizzare cookie, incorporare un ulteriore \nmonitoraggio di terze parti e tua interazione con il contenuto incorporato, \ncompreso il monitoraggio della tua interazione con il contenuto incorporato \nse hai un account ed hai effettuato l&#8217;accesso a quel sito web.<\/p>\n\n<h3 class=\"wp-block-heading\">Analisi<\/h3>\n\n<h2 class=\"wp-block-heading\">Con chi condividiamo i tuoi dati<\/h2>\n\n<h2 class=\"wp-block-heading\">Per quanto tempo conserviamo i tuoi dati<\/h2>\n\n<p>Se\n lasci un commento, il commento ed i suoi metadati vengono conservati \nper un periodo indefinito. \u00c8 cos\u00ec che possiamo riconoscere e approvare automaticamente qualsiasi commento sucessivo \ninvece di tenerlo sospeso in attesa di moderazione.<\/p>\n\n<p>Per\n utenti che si registrano sul nostro sito web (se presenti), memorizziamo anche i dati personali\n forniti nel loro profilo utente. Tutti gli utenti possono vedere, \nmodificare o eliminare le proprie informazioni personali in qualsiasi momento (tranne \ncambiare il proprio nome utente). Gli amministratori del sito web possono anche vedere e \nmodificare tali informazioni.<\/p>\n\n<h2 class=\"wp-block-heading\">Quali diritti hai sui tuoi dati<\/h2>\n\n<p>Se\n hai un account su questo sito, o hai lasciato commenti, puoi \nrichiedere di ricevere un file esportato dei dati personali in nostro possesso \nriguardante te, compresi i dati che ci avevi precedentemente fornito. Puoi anche richiederci \ndi cancellare tutti i dati personali che deteniamo su di te. Questo non include\n tutti i dati che siamo obbligati a conservare per scopi amministrativi, legali o di sicurezza \n.<\/p>\n\n<h2 class=\"wp-block-heading\">Dove inviamo i tuoi dati<\/h2>\n\n<p>I commenti dei visitatori possono essere controllati tramite un servizio di rilevamento automatico dello spam.<\/p>\n\n<p>Quando acquisti un&#8217;offerta didattica da noi, ti chiederemo di fornire un indirizzo email. Useremo queste informazioni per scopi, come ad esempio:<\/p>\n\n<p>&#8211; Invia informazioni sul tuo account e ordine<\/p>\n\n<p>&#8211; Crea il tuo account per il nostro LMS<\/p>\n\n<p>Se registri un account gratuito, memorizzeremo il tuo indirizzo email.<\/p>\n\n<p>Conserviamo le informazioni su di te per tutto il tempo in cui esiste il tuo account. <\/p>\n\n<p>Memorizziamo lo stato di avanzamento del corso, compreso lo stato di completamento, i punteggi dei quiz, i compiti e \/ o i contributi di saggi (se applicabile). <\/p>\n\n<p>Memorizzeremo anche commenti su corsi, lezioni, argomenti, compiti e saggi se scegli di lasciarli.<\/p>\n\n<p>Mentre visiti il nostro sito, monitoreremo:<\/p>\n\n<ul><li>Prodotti che hai visualizzato: lo useremo, ad esempio, per mostrarti i prodotti che hai visualizzato di recente<\/li><li>Posizione, indirizzo IP e tipo di browser: lo useremo per scopi come la stima delle tasse e della spedizione<\/li><li>spedizione\n indirizzo: ti chiederemo di inserirlo in modo che possiamo, ad esempio, stimare \nla spedizione prima di effettuare un ordine e inviarti l&#8217;ordine!<\/li><\/ul>\n<p>Utilizzeremo i cookie anche per tenere traccia del contenuto del carrello durante la navigazione nel nostro sito.<\/p>\n\n<p>Nota: potresti voler dettagliare ulteriormente la tua politica sui cookie e collegarti a quella sezione da qui.<\/p>\n\n<p>Quando\n acquisti da noi, ti chiederemo di fornire informazioni compresi \nil tuo nome, indirizzo di fatturazione, indirizzo di spedizione, indirizzo email, numero di telefono, \ncarta di credito \/ dettagli di pagamento ed informazioni facoltative sull&#8217;account \ncome nome utente e password. Useremo queste informazioni per scopi quali \n:<\/p>\n\n<ul><li>Inviarti informazioni sul tuo account e ordine<\/li><li>Rispondere alle tue richieste, inclusi rimborsi e reclami<\/li><li>Elaborare pagamenti e prevenire le frodi<\/li><li>Creare il tuo account per poter accedere ed acquistare la nostra offerta didattica<\/li><li>Rispettare tutti gli obblighi legali che abbiamo, come il calcolo delle tasse<\/li><li>Migliorare le nostre offerte dell&#8217;area vendita<\/li><li>Inviarti messaggi di marketing, se scegli di riceverli<\/li><\/ul>\n<p>Se\n crei un account, memorizzeremo il tuo nome, indirizzo, e-mail e \nnumero di telefono, che verr\u00e0 utilizzato per popolare il checkout di futuri \nordini.<\/p>\n\n<p>In genere, conserviamo le informazioni su di te per tutto il tempo in cui\n necessitiamo delle informazioni per gli scopi per i quali le raccogliamo e le utilizziamo, \ne non siamo legalmente obbligati a continuare a conservarle. Ad esempio, \nconserveremo le informazioni sull&#8217;ordine per XXX anni per le tasse e la contabilit\u00e0 \nscopi. Questo include il tuo nome, indirizzo email e fatturazione e \nindirizzi di spedizione.<\/p>\n\n<p>Conserveremo anche commenti o recensioni, se scegli di lasciarli.<\/p>\n\n<h2 class=\"wp-block-heading\">Chi nella nostra squadra ha accesso<\/h2>\n\n<p>I membri del nostro team hanno accesso alle informazioni che ci fornisci. \nAd esempio, sia gli amministratori che i leader di gruppo possono accedere a:<\/p>\n\n<p>&#8211; Informazioni sull&#8217;ordine come i corsi a cui sei iscritto, l&#8217;avanzamento del corso e il nome utente \/ indirizzo e-mail. <\/p>\n\n<p>Qualsiasi informazione aggiuntiva aggiunta nel tuo profilo utente WordPress pu\u00f2 essere visibile anche agli amministratori. <\/p>\n\n<ul><li>Informazioni sull&#8217;ordine come ci\u00f2 che \u00e8 stato acquistato, quando \u00e8 stato acquistato e dove deve essere inviato, e<\/li><li>Informazioni sui clienti come nome, indirizzo e-mail e informazioni di fatturazione e spedizione.<\/li><\/ul>\n<p>I membri del nostro team hanno accesso a queste informazioni per aiutare a soddisfare gli ordini, elaborare i rimborsi e supportarti.<\/p>\n\n<h2 class=\"wp-block-heading\">Cosa condividiamo con gli altri<\/h2>\n\n<p>In questa sezione dovresti elencare con chi condividi i dati e per\n quale scopo. Ci\u00f2 potrebbe includere, ma non essere limitato a, \nstrumenti di analisi \/ reportistica, servizi di marketing (come servizi di posta elettronica \ncome MailChimp), gateway di pagamento, programmi di gamification e terzi \nparti incorporate.<\/p>\n\n<p>Condividiamo informazioni con terze parti che ci aiutano a fornire i nostri \nordini e servizi di archiviazione per te; per esempio &#8211; [insert third party   platforms and short description of their purpose]<\/p>\n\n<h2 class=\"wp-block-heading\">Pagamenti<\/h2>\n\n<p>In questa sottosezione dovresti elencare quale pagamento di terze parti \ni processori che utilizzi per accettare pagamenti nell&#8217;area di vendita poich\u00e9 questi potrebbero \ngestire i dati dei clienti. Abbiamo incluso PayPal di seguito come esempio, ma tu\n dovresti rimuovere qualcuno di questi se non sono in uso sul tuo sito.<\/p>\n\n<p>Accettiamo pagamenti tramite PayPal. Durante l&#8217;elaborazione dei pagamenti, alcuni \ndei tuoi dati verranno trasmessi a PayPal, comprese le informazioni richieste a \nelaborare o supportare il pagamento, come il totale dell&#8217;acquisto e la fatturazione \n.<\/p>\n\n<p>Si prega di consultare il <a href=\"https:\/\/www.meta.mt\/wp-content\/uploads\/2020\/02\/privacy-full\">Informativa sulla privacy di PayPal<\/a> per ulteriori dettagli.<\/p>\n","protected":false},"excerpt":{"rendered":"<p>Chi siamo L&#8217;indirizzo del nostro sito web \u00e8: https:\/\/www.meta.mt. Quali dati personali raccogliamo e perch\u00e9 li raccogliamo Commenti quando i visitatori lasciano commenti sul sito raccogliamo i dati riportati nel modulo commenti e anche indirizzo IP del visitatore e user agent del browser stringa per aiutare il rilevamento dello spam. Una stringa anonimizzata creata da &hellip;<\/p>\n<p class=\"read-more\"> <a class=\"ast-button\" href=\"https:\/\/www.meta.mt\/it\/politica-sulla-riservatezza\/\"> <span class=\"screen-reader-text\">politica sulla riservatezza<\/span> Leggi tutto \u00bb<\/a><\/p>\n","protected":false},"author":2,"featured_media":0,"parent":0,"menu_order":0,"comment_status":"closed","ping_status":"open","template":"","meta":{"inline_featured_image":false,"_uag_custom_page_level_css":"","site-sidebar-layout":"default","site-content-layout":"default","ast-global-header-display":"","ast-banner-title-visibility":"","ast-main-header-display":"","ast-hfb-above-header-display":"","ast-hfb-below-header-display":"","ast-hfb-mobile-header-display":"","site-post-title":"","ast-breadcrumbs-content":"","ast-featured-img":"","footer-sml-layout":"","theme-transparent-header-meta":"default","adv-header-id-meta":"","stick-header-meta":"","header-above-stick-meta":"","header-main-stick-meta":"","header-below-stick-meta":""},"yoast_head":"<!-- This site is optimized with the Yoast SEO plugin v20.12 - https:\/\/yoast.com\/wordpress\/plugins\/seo\/ -->\n<title>politica sulla riservatezza - Learn English Online for FREE<\/title>\n<meta name=\"robots\" content=\"index, follow, max-snippet:-1, max-image-preview:large, max-video-preview:-1\" \/>\n<link rel=\"canonical\" href=\"https:\/\/www.meta.mt\/it\/politica-sulla-riservatezza\/\" \/>\n<meta property=\"og:locale\" content=\"it_IT\" \/>\n<meta property=\"og:type\" content=\"article\" \/>\n<meta property=\"og:title\" content=\"politica sulla riservatezza - Learn English Online for FREE\" \/>\n<meta property=\"og:description\" content=\"Chi siamo L&#8217;indirizzo del nostro sito web \u00e8: https:\/\/www.meta.mt. Quali dati personali raccogliamo e perch\u00e9 li raccogliamo Commenti quando i visitatori lasciano commenti sul sito raccogliamo i dati riportati nel modulo commenti e anche indirizzo IP del visitatore e user agent del browser stringa per aiutare il rilevamento dello spam. Una stringa anonimizzata creata da &hellip; politica sulla riservatezza Leggi tutto \u00bb\" \/>\n<meta property=\"og:url\" content=\"https:\/\/www.meta.mt\/it\/politica-sulla-riservatezza\/\" \/>\n<meta property=\"og:site_name\" content=\"Learn English Online for FREE\" \/>\n<meta property=\"article:publisher\" content=\"https:\/\/www.facebook.com\/METALearnEnglishOnline\" \/>\n<meta property=\"article:modified_time\" content=\"2020-08-21T08:34:59+00:00\" \/>\n<meta property=\"og:image\" content=\"https:\/\/www.meta.mt\/wp-content\/uploads\/2021\/02\/image.png\" \/>\n\t<meta property=\"og:image:width\" content=\"130\" \/>\n\t<meta property=\"og:image:height\" content=\"135\" \/>\n\t<meta property=\"og:image:type\" content=\"image\/png\" \/>\n<meta name=\"twitter:card\" content=\"summary_large_image\" \/>\n<meta name=\"twitter:site\" content=\"@meta_online\" \/>\n<meta name=\"twitter:label1\" content=\"Tempo di lettura stimato\" \/>\n\t<meta name=\"twitter:data1\" content=\"6 minuti\" \/>\n<script type=\"application\/ld+json\" class=\"yoast-schema-graph\">{\"@context\":\"https:\/\/schema.org\",\"@graph\":[{\"@type\":\"WebPage\",\"@id\":\"https:\/\/www.meta.mt\/it\/politica-sulla-riservatezza\/\",\"url\":\"https:\/\/www.meta.mt\/it\/politica-sulla-riservatezza\/\",\"name\":\"politica sulla riservatezza - Learn English Online for FREE\",\"isPartOf\":{\"@id\":\"https:\/\/www.meta.mt\/#website\"},\"datePublished\":\"2020-08-21T08:34:53+00:00\",\"dateModified\":\"2020-08-21T08:34:59+00:00\",\"breadcrumb\":{\"@id\":\"https:\/\/www.meta.mt\/it\/politica-sulla-riservatezza\/#breadcrumb\"},\"inLanguage\":\"it-IT\",\"potentialAction\":[{\"@type\":\"ReadAction\",\"target\":[\"https:\/\/www.meta.mt\/it\/politica-sulla-riservatezza\/\"]}]},{\"@type\":\"BreadcrumbList\",\"@id\":\"https:\/\/www.meta.mt\/it\/politica-sulla-riservatezza\/#breadcrumb\",\"itemListElement\":[{\"@type\":\"ListItem\",\"position\":1,\"name\":\"Home\",\"item\":\"https:\/\/www.meta.mt\/it\/\"},{\"@type\":\"ListItem\",\"position\":2,\"name\":\"politica sulla riservatezza\"}]},{\"@type\":\"WebSite\",\"@id\":\"https:\/\/www.meta.mt\/#website\",\"url\":\"https:\/\/www.meta.mt\/\",\"name\":\"Learn English Online for FREE\",\"description\":\"META online virtual school\",\"publisher\":{\"@id\":\"https:\/\/www.meta.mt\/#organization\"},\"potentialAction\":[{\"@type\":\"SearchAction\",\"target\":{\"@type\":\"EntryPoint\",\"urlTemplate\":\"https:\/\/www.meta.mt\/?s={search_term_string}\"},\"query-input\":\"required name=search_term_string\"}],\"inLanguage\":\"it-IT\"},{\"@type\":\"Organization\",\"@id\":\"https:\/\/www.meta.mt\/#organization\",\"name\":\"META Consultancy Ltd.\",\"url\":\"https:\/\/www.meta.mt\/\",\"logo\":{\"@type\":\"ImageObject\",\"inLanguage\":\"it-IT\",\"@id\":\"https:\/\/www.meta.mt\/#\/schema\/logo\/image\/\",\"url\":\"https:\/\/www.meta.mt\/wp-content\/uploads\/2020\/03\/android-chrome-512x512-1.png\",\"contentUrl\":\"https:\/\/www.meta.mt\/wp-content\/uploads\/2020\/03\/android-chrome-512x512-1.png\",\"width\":512,\"height\":512,\"caption\":\"META Consultancy Ltd.\"},\"image\":{\"@id\":\"https:\/\/www.meta.mt\/#\/schema\/logo\/image\/\"},\"sameAs\":[\"https:\/\/www.facebook.com\/METALearnEnglishOnline\",\"https:\/\/twitter.com\/meta_online\",\"https:\/\/www.instagram.com\/meta.mt\/\",\"https:\/\/www.linkedin.com\/company\/online-meta\/\",\"https:\/\/www.youtube.com\/channel\/UCYscjJtRJcAcAkeLWOm_GwA\"]}]}<\/script>\n<!-- \/ Yoast SEO plugin. -->","yoast_head_json":{"title":"politica sulla riservatezza - Learn English Online for FREE","robots":{"index":"index","follow":"follow","max-snippet":"max-snippet:-1","max-image-preview":"max-image-preview:large","max-video-preview":"max-video-preview:-1"},"canonical":"https:\/\/www.meta.mt\/it\/politica-sulla-riservatezza\/","og_locale":"it_IT","og_type":"article","og_title":"politica sulla riservatezza - Learn English Online for FREE","og_description":"Chi siamo L&#8217;indirizzo del nostro sito web \u00e8: https:\/\/www.meta.mt. Quali dati personali raccogliamo e perch\u00e9 li raccogliamo Commenti quando i visitatori lasciano commenti sul sito raccogliamo i dati riportati nel modulo commenti e anche indirizzo IP del visitatore e user agent del browser stringa per aiutare il rilevamento dello spam. Una stringa anonimizzata creata da &hellip; politica sulla riservatezza Leggi tutto \u00bb","og_url":"https:\/\/www.meta.mt\/it\/politica-sulla-riservatezza\/","og_site_name":"Learn English Online for FREE","article_publisher":"https:\/\/www.facebook.com\/METALearnEnglishOnline","article_modified_time":"2020-08-21T08:34:59+00:00","og_image":[{"width":130,"height":135,"url":"https:\/\/www.meta.mt\/wp-content\/uploads\/2021\/02\/image.png","type":"image\/png"}],"twitter_card":"summary_large_image","twitter_site":"@meta_online","twitter_misc":{"Tempo di lettura stimato":"6 minuti"},"schema":{"@context":"https:\/\/schema.org","@graph":[{"@type":"WebPage","@id":"https:\/\/www.meta.mt\/it\/politica-sulla-riservatezza\/","url":"https:\/\/www.meta.mt\/it\/politica-sulla-riservatezza\/","name":"politica sulla riservatezza - Learn English Online for FREE","isPartOf":{"@id":"https:\/\/www.meta.mt\/#website"},"datePublished":"2020-08-21T08:34:53+00:00","dateModified":"2020-08-21T08:34:59+00:00","breadcrumb":{"@id":"https:\/\/www.meta.mt\/it\/politica-sulla-riservatezza\/#breadcrumb"},"inLanguage":"it-IT","potentialAction":[{"@type":"ReadAction","target":["https:\/\/www.meta.mt\/it\/politica-sulla-riservatezza\/"]}]},{"@type":"BreadcrumbList","@id":"https:\/\/www.meta.mt\/it\/politica-sulla-riservatezza\/#breadcrumb","itemListElement":[{"@type":"ListItem","position":1,"name":"Home","item":"https:\/\/www.meta.mt\/it\/"},{"@type":"ListItem","position":2,"name":"politica sulla riservatezza"}]},{"@type":"WebSite","@id":"https:\/\/www.meta.mt\/#website","url":"https:\/\/www.meta.mt\/","name":"Learn English Online for FREE","description":"META online virtual school","publisher":{"@id":"https:\/\/www.meta.mt\/#organization"},"potentialAction":[{"@type":"SearchAction","target":{"@type":"EntryPoint","urlTemplate":"https:\/\/www.meta.mt\/?s={search_term_string}"},"query-input":"required name=search_term_string"}],"inLanguage":"it-IT"},{"@type":"Organization","@id":"https:\/\/www.meta.mt\/#organization","name":"META Consultancy Ltd.","url":"https:\/\/www.meta.mt\/","logo":{"@type":"ImageObject","inLanguage":"it-IT","@id":"https:\/\/www.meta.mt\/#\/schema\/logo\/image\/","url":"https:\/\/www.meta.mt\/wp-content\/uploads\/2020\/03\/android-chrome-512x512-1.png","contentUrl":"https:\/\/www.meta.mt\/wp-content\/uploads\/2020\/03\/android-chrome-512x512-1.png","width":512,"height":512,"caption":"META Consultancy Ltd."},"image":{"@id":"https:\/\/www.meta.mt\/#\/schema\/logo\/image\/"},"sameAs":["https:\/\/www.facebook.com\/METALearnEnglishOnline","https:\/\/twitter.com\/meta_online","https:\/\/www.instagram.com\/meta.mt\/","https:\/\/www.linkedin.com\/company\/online-meta\/","https:\/\/www.youtube.com\/channel\/UCYscjJtRJcAcAkeLWOm_GwA"]}]}},"uagb_featured_image_src":{"full":false,"thumbnail":false,"medium":false,"medium_large":false,"large":false,"1536x1536":false,"2048x2048":false,"jetpack-portfolio-admin-thumb":false},"uagb_author_info":{"display_name":"Abel","author_link":"https:\/\/www.meta.mt\/it\/author\/abeladmin\/"},"uagb_comment_info":0,"uagb_excerpt":"Chi siamo L&#8217;indirizzo del nostro sito web \u00e8: https:\/\/www.meta.mt. Quali dati personali raccogliamo e perch\u00e9 li raccogliamo Commenti quando i visitatori lasciano commenti sul sito raccogliamo i dati riportati nel modulo commenti e anche indirizzo IP del visitatore e user agent del browser stringa per aiutare il rilevamento dello spam. Una stringa anonimizzata creata da&hellip;","jetpack_shortlink":"https:\/\/wp.me\/PeFnm1-9vB","_links":{"self":[{"href":"https:\/\/www.meta.mt\/it\/wp-json\/wp\/v2\/pages\/36555"}],"collection":[{"href":"https:\/\/www.meta.mt\/it\/wp-json\/wp\/v2\/pages"}],"about":[{"href":"https:\/\/www.meta.mt\/it\/wp-json\/wp\/v2\/types\/page"}],"author":[{"embeddable":true,"href":"https:\/\/www.meta.mt\/it\/wp-json\/wp\/v2\/users\/2"}],"replies":[{"embeddable":true,"href":"https:\/\/www.meta.mt\/it\/wp-json\/wp\/v2\/comments?post=36555"}],"version-history":[{"count":0,"href":"https:\/\/www.meta.mt\/it\/wp-json\/wp\/v2\/pages\/36555\/revisions"}],"wp:attachment":[{"href":"https:\/\/www.meta.mt\/it\/wp-json\/wp\/v2\/media?parent=36555"}],"curies":[{"name":"wp","href":"https:\/\/api.w.org\/{rel}","templated":true}]}}