{"id":34021,"date":"2020-08-17T17:31:33","date_gmt":"2020-08-17T15:31:33","guid":{"rendered":"https:\/\/www.meta.mt\/disconoscimento\/"},"modified":"2021-02-09T16:48:21","modified_gmt":"2021-02-09T15:48:21","slug":"disconoscimento","status":"publish","type":"page","link":"https:\/\/www.meta.mt\/it\/disconoscimento\/","title":{"rendered":"Dichiarazione di non responsabilit\u00e0"},"content":{"rendered":"\n<h2 class=\"wp-block-heading\">Dichiarazione di non responsabilit\u00e0 relativa agli acquisti<\/h2>\n\n\n\n<h2 class=\"wp-block-heading\">Consenso<\/h2>\n\n\n\n<p>Usando <a href=\"https:\/\/www.meta.mt\"> meta.mt <\/a> , acconsenti alla nostra dichiarazione di limitazione di responsabilit\u00e0 e ne accetti i relativi termini.<\/p>\n\n\n\n<p>meta.mt non sar\u00e0 responsabile per eventuali danni subiti in relazione all&#8217;acquisto delle nostre offerte didattiche.<\/p>\n\n\n\n<p><strong>Se non accetti la nostra dichiarazione di limitazione di responsabilit\u00e0, NON CONTINUARE e non accedere o utilizzare questo servizio di vendita di offerte didattiche.<\/strong><\/p>\n\n\n\n<h2 class=\"wp-block-heading\">Scopi educativi e informativi<\/h2>\n\n\n\n<p>Le informazioni contenute in questa area dedicata alla vendita di offerte didattiche sono destinate esclusivamente a scopi educativi e informativi. Non intende sostituire n\u00e9 la legge n\u00e9 i regolamenti scritti.<\/p>\n\n\n\n<h2 class=\"wp-block-heading\">Consulenza non legale o finanziaria<\/h2>\n\n\n\n<p>Gli autori di meta.mt non sono consulenti legali o finanziari e pertanto le informazioni che si trovano in questa area di vendita non sono destinate ad essere utilizzate al posto della consulenza legale e \/ o finanziaria professionale.<\/p>\n\n\n\n<p>Ci siamo premurati che le informazioni contenute in questa area di vendita siano corrette, tuttavia, non siamo responsabili per eventuali errori o omissioni.<\/p>\n\n\n\n<h2 class=\"wp-block-heading\">Link esterno <\/h2>\n\n\n\n<p>Alcuni collegamenti in questa area di vendita si collegano a siti Web esterni gestiti da terze parti. meta.mt non \u00e8 responsabile per nessuna delle informazioni fornite da un sito Web di terzi. <\/p>\n\n\n\n<p>Sei soggetto ai termini e alle condizioni, alla dichiarazione di non responsabilit\u00e0 e alla politica sulla privacy dei siti Web di terzi quando lasci la nostra area di vendita.<\/p>\n\n\n\n<h2 class=\"wp-block-heading\">Responsabilit\u00e0 personale<\/h2>\n\n\n\n<p>Riconosci di utilizzare la nostra area di vendita volontariamente e che qualsiasi scelta, azione e risultato ora e in futuro sono di tua esclusiva responsabilit\u00e0.<\/p>\n\n\n\n<p>meta.mt non sar\u00e0 responsabile nei confronti dell&#8217;utente o di qualsiasi altra parte per qualsiasi decisione presa o azione intrapresa facendo affidamento alle informazioni fornite dal nostro servizio.<\/p>\n\n\n\n<h2 class=\"wp-block-heading\">Contatto e credito<\/h2>\n\n\n\n<p>Utilizzando il nostro negozio accetti la dichiarazione di limitazione di responsabilit\u00e0 di cui sopra. In caso di domande su qualsiasi aspetto presente in questa dichiarazione di limitazione di responsabilit\u00e0 contattaci a: <a href=\"https:\/\/www.meta.mt\/it\/contattare\/\">meta.mt\/contact\/<\/a><\/p>\n","protected":false},"excerpt":{"rendered":"<p>Dichiarazione di non responsabilit\u00e0 relativa agli acquisti Consenso Usando meta.mt , acconsenti alla nostra dichiarazione di limitazione di responsabilit\u00e0 e ne accetti i relativi termini. meta.mt non sar\u00e0 responsabile per eventuali danni subiti in relazione all&#8217;acquisto delle nostre offerte didattiche. Se non accetti la nostra dichiarazione di limitazione di responsabilit\u00e0, NON CONTINUARE e non accedere &hellip;<\/p>\n<p class=\"read-more\"> <a class=\"ast-button\" href=\"https:\/\/www.meta.mt\/it\/disconoscimento\/\"> <span class=\"screen-reader-text\">Dichiarazione di non responsabilit\u00e0<\/span> Leggi tutto \u00bb<\/a><\/p>\n","protected":false},"author":2,"featured_media":0,"parent":0,"menu_order":0,"comment_status":"closed","ping_status":"closed","template":"","meta":{"inline_featured_image":false,"_uag_custom_page_level_css":"","site-sidebar-layout":"default","site-content-layout":"default","ast-global-header-display":"","ast-banner-title-visibility":"","ast-main-header-display":"","ast-hfb-above-header-display":"","ast-hfb-below-header-display":"","ast-hfb-mobile-header-display":"","site-post-title":"","ast-breadcrumbs-content":"","ast-featured-img":"","footer-sml-layout":"","theme-transparent-header-meta":"default","adv-header-id-meta":"","stick-header-meta":"default","header-above-stick-meta":"","header-main-stick-meta":"","header-below-stick-meta":""},"yoast_head":"<!-- This site is optimized with the Yoast SEO plugin v20.12 - https:\/\/yoast.com\/wordpress\/plugins\/seo\/ -->\n<title>Dichiarazione di non responsabilit\u00e0 - Learn English Online for FREE<\/title>\n<meta name=\"description\" content=\"Utilizzando la nostra area vendite, acconsenti alla nostra dichiarazione di limitazione di responsabilit\u00e0 ed accetti i suoi termini. Si prega di leggere le seguenti informazioni e di contattarci in caso di domande.\" \/>\n<meta name=\"robots\" content=\"index, follow, max-snippet:-1, max-image-preview:large, max-video-preview:-1\" \/>\n<link rel=\"canonical\" href=\"https:\/\/www.meta.mt\/it\/disconoscimento\/\" \/>\n<meta property=\"og:locale\" content=\"it_IT\" \/>\n<meta property=\"og:type\" content=\"article\" \/>\n<meta property=\"og:title\" content=\"Dichiarazione di non responsabilit\u00e0 - Learn English Online for FREE\" \/>\n<meta property=\"og:description\" content=\"Utilizzando la nostra area vendite, acconsenti alla nostra dichiarazione di limitazione di responsabilit\u00e0 ed accetti i suoi termini. Si prega di leggere le seguenti informazioni e di contattarci in caso di domande.\" \/>\n<meta property=\"og:url\" content=\"https:\/\/www.meta.mt\/it\/disconoscimento\/\" \/>\n<meta property=\"og:site_name\" content=\"Learn English Online for FREE\" \/>\n<meta property=\"article:publisher\" content=\"https:\/\/www.facebook.com\/METALearnEnglishOnline\" \/>\n<meta property=\"article:modified_time\" content=\"2021-02-09T15:48:21+00:00\" \/>\n<meta property=\"og:image\" content=\"https:\/\/www.meta.mt\/wp-content\/uploads\/2021\/02\/image.png\" \/>\n\t<meta property=\"og:image:width\" content=\"130\" \/>\n\t<meta property=\"og:image:height\" content=\"135\" \/>\n\t<meta property=\"og:image:type\" content=\"image\/png\" \/>\n<meta name=\"twitter:card\" content=\"summary_large_image\" \/>\n<meta name=\"twitter:site\" content=\"@meta_online\" \/>\n<meta name=\"twitter:label1\" content=\"Tempo di lettura stimato\" \/>\n\t<meta name=\"twitter:data1\" content=\"2 minuti\" \/>\n<script type=\"application\/ld+json\" class=\"yoast-schema-graph\">{\"@context\":\"https:\/\/schema.org\",\"@graph\":[{\"@type\":\"WebPage\",\"@id\":\"https:\/\/www.meta.mt\/it\/disconoscimento\/\",\"url\":\"https:\/\/www.meta.mt\/it\/disconoscimento\/\",\"name\":\"Dichiarazione di non responsabilit\u00e0 - Learn English Online for FREE\",\"isPartOf\":{\"@id\":\"https:\/\/www.meta.mt\/#website\"},\"datePublished\":\"2020-08-17T15:31:33+00:00\",\"dateModified\":\"2021-02-09T15:48:21+00:00\",\"description\":\"Utilizzando la nostra area vendite, acconsenti alla nostra dichiarazione di limitazione di responsabilit\u00e0 ed accetti i suoi termini. Si prega di leggere le seguenti informazioni e di contattarci in caso di domande.\",\"breadcrumb\":{\"@id\":\"https:\/\/www.meta.mt\/it\/disconoscimento\/#breadcrumb\"},\"inLanguage\":\"it-IT\",\"potentialAction\":[{\"@type\":\"ReadAction\",\"target\":[\"https:\/\/www.meta.mt\/it\/disconoscimento\/\"]}]},{\"@type\":\"BreadcrumbList\",\"@id\":\"https:\/\/www.meta.mt\/it\/disconoscimento\/#breadcrumb\",\"itemListElement\":[{\"@type\":\"ListItem\",\"position\":1,\"name\":\"Home\",\"item\":\"https:\/\/www.meta.mt\/it\/\"},{\"@type\":\"ListItem\",\"position\":2,\"name\":\"Dichiarazione di non responsabilit\u00e0\"}]},{\"@type\":\"WebSite\",\"@id\":\"https:\/\/www.meta.mt\/#website\",\"url\":\"https:\/\/www.meta.mt\/\",\"name\":\"Learn English Online for FREE\",\"description\":\"META online virtual school\",\"publisher\":{\"@id\":\"https:\/\/www.meta.mt\/#organization\"},\"potentialAction\":[{\"@type\":\"SearchAction\",\"target\":{\"@type\":\"EntryPoint\",\"urlTemplate\":\"https:\/\/www.meta.mt\/?s={search_term_string}\"},\"query-input\":\"required name=search_term_string\"}],\"inLanguage\":\"it-IT\"},{\"@type\":\"Organization\",\"@id\":\"https:\/\/www.meta.mt\/#organization\",\"name\":\"META Consultancy Ltd.\",\"url\":\"https:\/\/www.meta.mt\/\",\"logo\":{\"@type\":\"ImageObject\",\"inLanguage\":\"it-IT\",\"@id\":\"https:\/\/www.meta.mt\/#\/schema\/logo\/image\/\",\"url\":\"https:\/\/www.meta.mt\/wp-content\/uploads\/2020\/03\/android-chrome-512x512-1.png\",\"contentUrl\":\"https:\/\/www.meta.mt\/wp-content\/uploads\/2020\/03\/android-chrome-512x512-1.png\",\"width\":512,\"height\":512,\"caption\":\"META Consultancy Ltd.\"},\"image\":{\"@id\":\"https:\/\/www.meta.mt\/#\/schema\/logo\/image\/\"},\"sameAs\":[\"https:\/\/www.facebook.com\/METALearnEnglishOnline\",\"https:\/\/twitter.com\/meta_online\",\"https:\/\/www.instagram.com\/meta.mt\/\",\"https:\/\/www.linkedin.com\/company\/online-meta\/\",\"https:\/\/www.youtube.com\/channel\/UCYscjJtRJcAcAkeLWOm_GwA\"]}]}<\/script>\n<!-- \/ Yoast SEO plugin. -->","yoast_head_json":{"title":"Dichiarazione di non responsabilit\u00e0 - Learn English Online for FREE","description":"Utilizzando la nostra area vendite, acconsenti alla nostra dichiarazione di limitazione di responsabilit\u00e0 ed accetti i suoi termini. Si prega di leggere le seguenti informazioni e di contattarci in caso di domande.","robots":{"index":"index","follow":"follow","max-snippet":"max-snippet:-1","max-image-preview":"max-image-preview:large","max-video-preview":"max-video-preview:-1"},"canonical":"https:\/\/www.meta.mt\/it\/disconoscimento\/","og_locale":"it_IT","og_type":"article","og_title":"Dichiarazione di non responsabilit\u00e0 - Learn English Online for FREE","og_description":"Utilizzando la nostra area vendite, acconsenti alla nostra dichiarazione di limitazione di responsabilit\u00e0 ed accetti i suoi termini. Si prega di leggere le seguenti informazioni e di contattarci in caso di domande.","og_url":"https:\/\/www.meta.mt\/it\/disconoscimento\/","og_site_name":"Learn English Online for FREE","article_publisher":"https:\/\/www.facebook.com\/METALearnEnglishOnline","article_modified_time":"2021-02-09T15:48:21+00:00","og_image":[{"width":130,"height":135,"url":"https:\/\/www.meta.mt\/wp-content\/uploads\/2021\/02\/image.png","type":"image\/png"}],"twitter_card":"summary_large_image","twitter_site":"@meta_online","twitter_misc":{"Tempo di lettura stimato":"2 minuti"},"schema":{"@context":"https:\/\/schema.org","@graph":[{"@type":"WebPage","@id":"https:\/\/www.meta.mt\/it\/disconoscimento\/","url":"https:\/\/www.meta.mt\/it\/disconoscimento\/","name":"Dichiarazione di non responsabilit\u00e0 - Learn English Online for FREE","isPartOf":{"@id":"https:\/\/www.meta.mt\/#website"},"datePublished":"2020-08-17T15:31:33+00:00","dateModified":"2021-02-09T15:48:21+00:00","description":"Utilizzando la nostra area vendite, acconsenti alla nostra dichiarazione di limitazione di responsabilit\u00e0 ed accetti i suoi termini. Si prega di leggere le seguenti informazioni e di contattarci in caso di domande.","breadcrumb":{"@id":"https:\/\/www.meta.mt\/it\/disconoscimento\/#breadcrumb"},"inLanguage":"it-IT","potentialAction":[{"@type":"ReadAction","target":["https:\/\/www.meta.mt\/it\/disconoscimento\/"]}]},{"@type":"BreadcrumbList","@id":"https:\/\/www.meta.mt\/it\/disconoscimento\/#breadcrumb","itemListElement":[{"@type":"ListItem","position":1,"name":"Home","item":"https:\/\/www.meta.mt\/it\/"},{"@type":"ListItem","position":2,"name":"Dichiarazione di non responsabilit\u00e0"}]},{"@type":"WebSite","@id":"https:\/\/www.meta.mt\/#website","url":"https:\/\/www.meta.mt\/","name":"Learn English Online for FREE","description":"META online virtual school","publisher":{"@id":"https:\/\/www.meta.mt\/#organization"},"potentialAction":[{"@type":"SearchAction","target":{"@type":"EntryPoint","urlTemplate":"https:\/\/www.meta.mt\/?s={search_term_string}"},"query-input":"required name=search_term_string"}],"inLanguage":"it-IT"},{"@type":"Organization","@id":"https:\/\/www.meta.mt\/#organization","name":"META Consultancy Ltd.","url":"https:\/\/www.meta.mt\/","logo":{"@type":"ImageObject","inLanguage":"it-IT","@id":"https:\/\/www.meta.mt\/#\/schema\/logo\/image\/","url":"https:\/\/www.meta.mt\/wp-content\/uploads\/2020\/03\/android-chrome-512x512-1.png","contentUrl":"https:\/\/www.meta.mt\/wp-content\/uploads\/2020\/03\/android-chrome-512x512-1.png","width":512,"height":512,"caption":"META Consultancy Ltd."},"image":{"@id":"https:\/\/www.meta.mt\/#\/schema\/logo\/image\/"},"sameAs":["https:\/\/www.facebook.com\/METALearnEnglishOnline","https:\/\/twitter.com\/meta_online","https:\/\/www.instagram.com\/meta.mt\/","https:\/\/www.linkedin.com\/company\/online-meta\/","https:\/\/www.youtube.com\/channel\/UCYscjJtRJcAcAkeLWOm_GwA"]}]}},"uagb_featured_image_src":{"full":false,"thumbnail":false,"medium":false,"medium_large":false,"large":false,"1536x1536":false,"2048x2048":false,"jetpack-portfolio-admin-thumb":false},"uagb_author_info":{"display_name":"Abel","author_link":"https:\/\/www.meta.mt\/it\/author\/abeladmin\/"},"uagb_comment_info":0,"uagb_excerpt":"Dichiarazione di non responsabilit\u00e0 relativa agli acquisti Consenso Usando meta.mt , acconsenti alla nostra dichiarazione di limitazione di responsabilit\u00e0 e ne accetti i relativi termini. meta.mt non sar\u00e0 responsabile per eventuali danni subiti in relazione all&#8217;acquisto delle nostre offerte didattiche. Se non accetti la nostra dichiarazione di limitazione di responsabilit\u00e0, NON CONTINUARE e non accedere&hellip;","jetpack_shortlink":"https:\/\/wp.me\/PeFnm1-8QJ","_links":{"self":[{"href":"https:\/\/www.meta.mt\/it\/wp-json\/wp\/v2\/pages\/34021"}],"collection":[{"href":"https:\/\/www.meta.mt\/it\/wp-json\/wp\/v2\/pages"}],"about":[{"href":"https:\/\/www.meta.mt\/it\/wp-json\/wp\/v2\/types\/page"}],"author":[{"embeddable":true,"href":"https:\/\/www.meta.mt\/it\/wp-json\/wp\/v2\/users\/2"}],"replies":[{"embeddable":true,"href":"https:\/\/www.meta.mt\/it\/wp-json\/wp\/v2\/comments?post=34021"}],"version-history":[{"count":0,"href":"https:\/\/www.meta.mt\/it\/wp-json\/wp\/v2\/pages\/34021\/revisions"}],"wp:attachment":[{"href":"https:\/\/www.meta.mt\/it\/wp-json\/wp\/v2\/media?parent=34021"}],"curies":[{"name":"wp","href":"https:\/\/api.w.org\/{rel}","templated":true}]}}